{"id":2431,"date":"2025-10-09T22:15:19","date_gmt":"2025-10-09T20:15:19","guid":{"rendered":"https:\/\/teatrodeningures.gal\/?page_id=2431"},"modified":"2026-01-21T13:58:22","modified_gmt":"2026-01-21T12:58:22","slug":"quen-somos","status":"publish","type":"page","link":"https:\/\/teatrodeningures.gal\/gl\/quen-somos\/","title":{"rendered":"Quen somos"},"content":{"rendered":"<p><img decoding=\"async\" src=\"\/wp-content\/uploads\/2025\/10\/Ningures40-combinado.svg\" alt=\"\"><\/p>\n<h1>Vivir en Ningures<\/h1>\n<h2>Fundada en 1986<\/h2>\n<div>\n<blockquote>\n<p>Dende a s\u00faa fundaci\u00f3n,<b> <\/b>Teatro de Ningures<b> <\/b>vive por e para o teatro, o teatro que quere facer, un teatro de actualidade, ambicioso, comprometido coa realidade e coa comunidade.<\/p>\n<\/blockquote>\n<p>A compa\u00f1\u00eda, implicada co seu territorio, n\u00fatrese da fabulosa materia prima profesional e social do Morrazo, comarca tradicionalmente vencellada ao teatro, na que abundan artistas en todas as disciplinas: autor\u00eda, interpretaci\u00f3n, espazo sonoro, escenograf\u00eda e imaxe.<\/p>\n<p>Facemos teatro dende o pr\u00f3ximo na procura do universal, as\u00ed o demostran os m\u00e1is de 30 espect\u00e1culos creados, producidos e distribuidos por toda Galiza e o resto do estado.<\/p>\n<p>A nosa actividade creativa compl\u00e9tase cunha \u00e1rea pedag\u00f3xica e outra organizativa:<br \/><strong>A pedag\u00f3xica<\/strong>, dende 1999, a trav\u00e9s das Aulas de Teatro da Universidade de Vigo e Pontevedra e, dende 2008, coa Escola de Teatro de Cangas. <strong>A organizativa<\/strong> a trav\u00e9s da Mostra Internacional de Teatro Universitario (MITEU), da Mostra Internacional de Teatro C\u00f3mico e Festivo de Cangas (MITCFC) adem\u00e1is da creaci\u00f3n, organizaci\u00f3n e direcci\u00f3n do macroespectaculo teatral e musical, &#8220;A Defensa da Vila. Mar\u00eda Soli\u00f1a&#8221;.<\/p>\n<p>Un labor \u00edntimamente relacionado co Teatro Comunitario, un dos piares nos que se fundamenta a nosa principal raz\u00f3n de existir.<\/p>\n<\/div>\n<h1>Habitantes<\/h1>\n<ul>\n<li>\n<p>        <img decoding=\"async\" src=\"\/wp-content\/uploads\/2025\/10\/MITCFC-P1096116-1.jpg\" alt=\"Casilda Alfaro\"><\/p>\n<div>Casilda Alfaro<\/div>\n<\/li>\n<li>\n<p>        <img decoding=\"async\" src=\"\/wp-content\/uploads\/2025\/10\/MITCFC-P1096198.jpg\" alt=\"\"><\/p>\n<div>Sonia R\u00faa<\/div>\n<\/li>\n<li>\n<p>        <img decoding=\"async\" src=\"\/wp-content\/uploads\/2025\/10\/MITCFC-P1096122.jpg\" alt=\"\"><\/p>\n<div>Pepa Barreiro<\/div>\n<\/li>\n<li>\n<p>        <img decoding=\"async\" src=\"\/wp-content\/uploads\/2025\/10\/DSC00668.jpg\" alt=\"\"><\/p>\n<div>Salvador del R\u00edo<\/div>\n<\/li>\n<li>\n<p>        <img decoding=\"async\" src=\"\/wp-content\/uploads\/2025\/10\/Lois.jpg\" alt=\"\"><\/p>\n<div>Lois Soaxe<\/div>\n<\/li>\n<li>\n<p>        <img decoding=\"async\" src=\"\/wp-content\/uploads\/2025\/10\/Hector-11102025.jpg\" alt=\"\"><\/p>\n<div>H\u00e9ctor Pazos<\/div>\n<\/li>\n<li>\n<p>        <img decoding=\"async\" src=\"\/wp-content\/uploads\/2025\/10\/Finin-11102025-2.jpg\" alt=\"\"><\/p>\n<div>Seraf\u00edn Pi\u00f1eiro<\/div>\n<\/li>\n<li>\n<p>        <img decoding=\"async\" src=\"\/wp-content\/uploads\/2025\/10\/Diego-03012023.jpg\" alt=\"\"><\/p>\n<div>Diego Seixo<\/div>\n<\/li>\n<\/ul>\n<h2>Constelaci\u00f3n Ningures<\/h2>\n<ul>\n<li>\n<p>        <img decoding=\"async\" src=\"\/wp-content\/uploads\/2025\/10\/Selo-42-MITCFC.png\" alt=\"\"><\/p>\n<h3>Client 05<\/h3>\n<p>Organizaci\u00f3n<\/p>\n<\/li>\n<li>\n<p>        <img decoding=\"async\" src=\"\/wp-content\/uploads\/2025\/10\/ETC.png\" alt=\"\"><\/p>\n<h3>ETC<\/h3>\n<p>Organizaci\u00f3n<\/p>\n<\/li>\n<li>\n<p>        <img decoding=\"async\" src=\"\/wp-content\/uploads\/2025\/10\/xiria-1.png\" alt=\"\"><\/p>\n<h3>Client 03<\/h3>\n<p>Colaboradora<\/p>\n<div>\n<p>Colaboradora<\/p>\n<\/div>\n<\/li>\n<li>\n<p>        <img decoding=\"async\" src=\"\/wp-content\/uploads\/2025\/10\/Logo-Defensa-da-Vila.png\" alt=\"\"><\/p>\n<h3>Logo Defensa da Vila<\/h3>\n<p>Colaboradora<\/p>\n<\/li>\n<li>\n<p>        <img decoding=\"async\" src=\"\/wp-content\/uploads\/2025\/02\/LOGO_ORIXINAL_amarelo_imagotipo_amarelo.png\" alt=\"\"><\/p>\n<h3>Client 02<\/h3>\n<p>Distribuidora<\/p>\n<\/li>\n<li>\n<p>        <img decoding=\"async\" src=\"\/wp-content\/uploads\/2025\/10\/LOGO-AUDITORIO-CANGAS-WEB.png\" alt=\"\"><\/p>\n<h3>Client 04<\/h3>\n<p>Colaborador<\/p>\n<\/li>\n<li>\n<p>        <img decoding=\"async\" src=\"\/wp-content\/uploads\/2025\/10\/Exrension-Unicersitaria-UVigo.png\" alt=\"\"><\/p>\n<h3>Exrension-Unicersitaria-UVigo<\/h3>\n<p>Colaboradora<\/p>\n<\/li>\n<li>\n<p>        <img decoding=\"async\" src=\"\/wp-content\/uploads\/2021\/04\/logo-escena-galega-negro.png\" alt=\"\"><\/p>\n<h3>Client 01<\/h3>\n<p>C\u00eda Asociada<\/p>\n<div>\n<p>Compa\u00f1\u00eda Asociada<\/p>\n<\/div>\n<\/li>\n<\/ul>\n<p><!--more--><br \/>\n<!-- {\"type\":\"layout\",\"children\":[{\"name\":\"Team\",\"type\":\"section\",\"props\":{\"header_transparent\":true,\"header_transparent_text_color\":\"light\",\"image\":\"wp-content\/uploads\/2025\/10\/fondo-02032007.jpg\",\"image_effect\":\"fixed\",\"image_parallax_bgy\":\"-130,190\",\"image_position\":\"top-center\",\"image_size\":\"cover\",\"image_width\":\"2560\",\"media_background\":\"#48463C\",\"media_blend_mode\":\"multiply\",\"preserve_color\":false,\"style\":\"secondary\",\"title_breakpoint\":\"xl\",\"title_position\":\"top-left\",\"title_rotation\":\"left\",\"vertical_align\":\"\",\"width\":\"large\"},\"children\":[{\"type\":\"row\",\"props\":{\"margin_bottom\":\"xlarge\",\"margin_top\":\"xlarge\"},\"children\":[{\"type\":\"column\",\"props\":{\"image_position\":\"center-center\",\"position_sticky_breakpoint\":\"m\",\"width_medium\":\"1-1\"},\"children\":[{\"type\":\"image\",\"props\":{\"image\":\"wp-content\/uploads\/2025\/10\/Ningures40-combinado.svg\",\"image_svg_color\":\"emphasis\",\"image_width\":250,\"margin_bottom\":\"default\",\"margin_top\":\"default\",\"text_align\":\"center\"}},{\"type\":\"headline\",\"props\":{\"animation\":\"parallax\",\"content\":\"Vivir en Ningures\",\"image_align\":\"left\",\"image_margin\":\"xsmall\",\"parallax_easing\":\"1\",\"parallax_opacity\":\"1,0\",\"parallax_y\":\"0,20\",\"text_align\":\"center\",\"title_element\":\"h1\",\"title_style\":\"heading-large\"}},{\"type\":\"headline\",\"props\":{\"animation\":\"none\",\"content\":\"Fundada en 1986\",\"image_align\":\"left\",\"image_margin\":\"xsmall\",\"parallax_easing\":\"1\",\"parallax_end\":\"60vh + 60%\",\"parallax_opacity\":\"0.3,1\",\"parallax_y\":\"30,0\",\"text_align\":\"left\",\"text_align_breakpoint\":\"m\",\"text_align_fallback\":\"center\",\"title_element\":\"h2\"}},{\"type\":\"divider\",\"props\":{\"animation\":\"none\",\"divider_align\":\"left\",\"divider_align_breakpoint\":\"m\",\"divider_align_fallback\":\"center\",\"divider_element\":\"div\",\"divider_style\":\"small\",\"parallax_easing\":\"1\",\"parallax_end\":\"70vh + 70%\",\"parallax_opacity\":\"0.3,1\",\"parallax_y\":\"50,0\"}},{\"type\":\"text\",\"props\":{\"animation\":\"parallax\",\"column\":\"1-2\",\"column_breakpoint\":\"m\",\"content\":\"\n\n<blockquote>\\n\n\n<p>Dende a s\u00faa fundaci\u00f3n,<b> <\/b>Teatro de Ningures<b> <\/b>vive por e para o teatro, o teatro que quere facer, un teatro de actualidade, ambicioso, comprometido coa realidade e coa comunidade.<\/p>\n\n\\n<\/blockquote>\n\n\\n\n\n<p>A compa\u00f1\u00eda, implicada co seu territorio, n\u00fatrese da fabulosa materia prima profesional e social do Morrazo, comarca tradicionalmente vencellada ao teatro, na que abundan artistas en todas as disciplinas: autor\u00eda, interpretaci\u00f3n, espazo sonoro, escenograf\u00eda e imaxe.<\/p>\n\n\\n\n\n<p>Facemos teatro dende o pr\u00f3ximo na procura do universal, as\u00ed o demostran os m\u00e1is de 30 espect\u00e1culos creados, producidos e distribuidos por toda Galiza e o resto do estado.<\/p>\n\n\\n\n\n<p>A nosa actividade creativa compl\u00e9tase cunha \u00e1rea pedag\u00f3xica e outra organizativa:<br \/><strong>A pedag\u00f3xica<\/strong>, dende 1999, a trav\u00e9s das Aulas de Teatro da Universidade de Vigo e Pontevedra e, dende 2008, coa Escola de Teatro de Cangas. <strong>A organizativa<\/strong> a trav\u00e9s da Mostra Internacional de Teatro Universitario (MITEU), da Mostra Internacional de Teatro C\u00f3mico e Festivo de Cangas (MITCFC) adem\u00e1is da creaci\u00f3n, organizaci\u00f3n e direcci\u00f3n do macroespectaculo teatral e musical, \\\"A Defensa da Vila. Mar\u00eda Soli\u00f1a\\\".<\/p>\n\n\\n\n\n<p>Un labor \u00edntimamente relacionado co Teatro Comunitario, un dos piares nos que se fundamenta a nosa principal raz\u00f3n de existir.<\/p>\n\n\",\"margin_bottom\":\"medium\",\"margin_top\":\"medium\",\"parallax_easing\":\"1\",\"parallax_y\":\"0,-20\",\"text_align\":\"left\",\"text_style\":\"large\"}}]}]},{\"type\":\"row\",\"props\":{\"margin_bottom\":\"xlarge\",\"margin_top\":\"xlarge\"},\"children\":[{\"type\":\"column\",\"props\":{\"image_position\":\"center-center\",\"position_sticky_breakpoint\":\"m\",\"width_medium\":\"1-1\"},\"children\":[{\"type\":\"headline\",\"props\":{\"content\":\"Habitantes\",\"image_align\":\"left\",\"image_margin\":\"xsmall\",\"title_element\":\"h1\",\"title_style\":\"heading-medium\"}},{\"type\":\"divider\",\"props\":{\"animation\":\"parallax\",\"divider_align\":\"left\",\"divider_align_breakpoint\":\"m\",\"divider_align_fallback\":\"center\",\"divider_element\":\"div\",\"divider_style\":\"small\",\"parallax_easing\":\"1\",\"parallax_end\":\"70vh + 70%\",\"parallax_opacity\":\"0.3,1\",\"parallax_y\":\"50,0\"}},{\"type\":\"gallery\",\"props\":{\"animation\":\"none\",\"content_display\":\"lightbox\",\"filter_align\":\"left\",\"filter_all\":true,\"filter_grid_breakpoint\":\"m\",\"filter_grid_width\":\"auto\",\"filter_position\":\"top\",\"filter_style\":\"tab\",\"grid_column_gap\":\"large\",\"grid_default\":\"1\",\"grid_medium\":\"2\",\"grid_parallax\":\"420\",\"grid_parallax_y\":420,\"grid_row_gap\":\"large\",\"image_loading\":true,\"image_orientation\":true,\"image_width\":\"920\",\"item_animation\":true,\"lightbox\":false,\"lightbox_bg_close\":true,\"link_style\":\"default\",\"link_text\":\"\",\"margin_bottom\":\"default\",\"margin_top\":\"default\",\"meta_align\":\"below-title\",\"meta_element\":\"div\",\"meta_margin\":\"remove\",\"meta_style\":\"\",\"overlay_hover\":false,\"overlay_link\":true,\"overlay_mode\":\"cover\",\"overlay_position\":\"bottom-left\",\"overlay_style\":\"\",\"overlay_transition\":\"fade\",\"parallax_easing\":\"1\",\"parallax_opacity\":\"1,0.5\",\"show_content\":false,\"show_hover_image\":false,\"show_hover_video\":false,\"show_link\":false,\"show_meta\":false,\"show_title\":true,\"text_align\":\"\",\"text_align_breakpoint\":\"m\",\"text_align_fallback\":\"center\",\"text_color\":\"light\",\"title_element\":\"div\",\"title_hover_style\":\"reset\",\"title_style\":\"h3\"},\"children\":[{\"type\":\"gallery_item\",\"props\":{\"content\":\"\",\"image\":\"wp-content\/uploads\/2025\/10\/MITCFC-P1096116-1.jpg\",\"image_alt\":\"Casilda Alfaro\",\"meta\":\"\",\"title\":\"Casilda Alfaro\"}},{\"type\":\"gallery_item\",\"props\":{\"content\":\"\",\"image\":\"wp-content\/uploads\/2025\/10\/MITCFC-P1096198.jpg\",\"meta\":\"\",\"title\":\"Sonia R\u00faa\"}},{\"type\":\"gallery_item\",\"props\":{\"content\":\"\",\"image\":\"wp-content\/uploads\/2025\/10\/MITCFC-P1096122.jpg\",\"meta\":\"\",\"title\":\"Pepa Barreiro\"}},{\"type\":\"gallery_item\",\"props\":{\"content\":\"\",\"image\":\"wp-content\/uploads\/2025\/10\/DSC00668.jpg\",\"meta\":\"\",\"title\":\"Salvador del R\u00edo\"}},{\"type\":\"gallery_item\",\"props\":{\"image\":\"wp-content\/uploads\/2025\/10\/Lois.jpg\",\"title\":\"Lois Soaxe\"}},{\"type\":\"gallery_item\",\"props\":{\"content\":\"\",\"image\":\"wp-content\/uploads\/2025\/10\/Hector-11102025.jpg\",\"meta\":\"\",\"title\":\"H\u00e9ctor Pazos\"}},{\"type\":\"gallery_item\",\"props\":{\"content\":\"\",\"image\":\"wp-content\/uploads\/2025\/10\/Finin-11102025-2.jpg\",\"meta\":\"\",\"title\":\"Seraf\u00edn Pi\u00f1eiro\"}},{\"type\":\"gallery_item\",\"props\":{\"content\":\"\",\"image\":\"wp-content\/uploads\/2025\/10\/Diego-03012023.jpg\",\"meta\":\"\",\"title\":\"Diego Seixo\"}}]}]}]}]},{\"name\":\"Clients\",\"type\":\"section\",\"props\":{\"image_effect\":\"parallax\",\"image_parallax_bgx\":\"180,180\",\"image_parallax_bgy\":\"-20,30\",\"image_parallax_easing\":\"1\",\"image_position\":\"center-left\",\"padding_bottom\":\"large\",\"padding_top\":\"large\",\"sticky\":\"reveal\",\"style\":\"default\",\"title_breakpoint\":\"xl\",\"title_position\":\"top-left\",\"title_rotation\":\"left\",\"vertical_align\":\"\",\"width\":\"large\"},\"children\":[{\"type\":\"row\",\"children\":[{\"type\":\"column\",\"props\":{\"image_position\":\"center-center\",\"position_sticky_breakpoint\":\"m\",\"width_medium\":\"1-1\"},\"children\":[{\"type\":\"headline\",\"props\":{\"animation\":\"parallax\",\"content\":\"Constelaci\u00f3n Ningures\",\"image_align\":\"left\",\"image_margin\":\"xsmall\",\"parallax_easing\":\"1\",\"parallax_end\":\"70vh + 70%\",\"parallax_opacity\":\"0.4,1\",\"parallax_y\":\"20,0\",\"text_align\":\"center\",\"title_element\":\"h2\",\"title_style\":\"heading-small\"}},{\"type\":\"divider\",\"props\":{\"animation\":\"parallax\",\"divider_align\":\"center\",\"divider_element\":\"div\",\"divider_style\":\"small\",\"parallax_easing\":\"1\",\"parallax_end\":\"70vh + 70%\",\"parallax_opacity\":\"0.4,1\",\"parallax_y\":\"40,0\"}},{\"type\":\"grid\",\"props\":{\"animation\":\"none\",\"content_column_breakpoint\":\"m\",\"filter_align\":\"left\",\"filter_all\":true,\"filter_grid_breakpoint\":\"m\",\"filter_grid_width\":\"auto\",\"filter_position\":\"top\",\"filter_style\":\"tab\",\"grid_column_align\":true,\"grid_column_gap\":\"large\",\"grid_default\":\"2\",\"grid_divider\":false,\"grid_medium\":\"4\",\"grid_row_align\":false,\"grid_row_gap\":\"large\",\"grid_small\":\"3\",\"image_align\":\"top\",\"image_grid_breakpoint\":\"m\",\"image_grid_width\":\"1-2\",\"image_height\":80,\"image_svg_color\":\"emphasis\",\"item_animation\":true,\"lightbox_bg_close\":true,\"link_style\":\"default\",\"link_text\":\"\",\"margin_bottom\":\"large\",\"margin_top\":\"large\",\"meta_align\":\"below-title\",\"meta_element\":\"div\",\"meta_style\":\"text-meta\",\"parallax_easing\":\"1\",\"parallax_opacity\":\"0.5,1\",\"show_content\":false,\"show_hover_image\":true,\"show_hover_video\":true,\"show_image\":true,\"show_link\":true,\"show_meta\":true,\"show_title\":false,\"show_video\":false,\"text_align\":\"center\",\"title_align\":\"top\",\"title_element\":\"h3\",\"title_grid_breakpoint\":\"m\",\"title_grid_width\":\"1-2\",\"title_hover_style\":\"reset\"},\"children\":[{\"type\":\"grid_item\",\"props\":{\"image\":\"wp-content\/uploads\/2025\/10\/Selo-42-MITCFC.png\",\"meta\":\"Organizaci\u00f3n\",\"title\":\"Client 05\"}},{\"type\":\"grid_item\",\"props\":{\"content\":\"\",\"image\":\"wp-content\/uploads\/2025\/10\/ETC.png\",\"meta\":\"Organizaci\u00f3n\",\"title\":\"ETC\"}},{\"type\":\"grid_item\",\"props\":{\"content\":\"\n\n<p>Colaboradora<\/p>\n\n\",\"image\":\"wp-content\/uploads\/2025\/10\/xiria-1.png\",\"meta\":\"Colaboradora\",\"title\":\"Client 03\"}},{\"type\":\"grid_item\",\"props\":{\"image\":\"wp-content\/uploads\/2025\/10\/Logo-Defensa-da-Vila.png\",\"meta\":\"Colaboradora\",\"title\":\"Logo Defensa da Vila\"}},{\"type\":\"grid_item\",\"props\":{\"image\":\"wp-content\/uploads\/2025\/02\/LOGO_ORIXINAL_amarelo_imagotipo_amarelo.png\",\"meta\":\"Distribuidora\",\"title\":\"Client 02\"}},{\"type\":\"grid_item\",\"props\":{\"image\":\"wp-content\/uploads\/2025\/10\/LOGO-AUDITORIO-CANGAS-WEB.png\",\"meta\":\"Colaborador\",\"title\":\"Client 04\"}},{\"type\":\"grid_item\",\"props\":{\"image\":\"wp-content\/uploads\/2025\/10\/Exrension-Unicersitaria-UVigo.png\",\"meta\":\"Colaboradora\",\"title\":\"Exrension-Unicersitaria-UVigo\"}},{\"type\":\"grid_item\",\"props\":{\"content\":\"\n\n<p>Compa\u00f1\u00eda Asociada<\/p>\n\n\",\"image\":\"wp-content\/uploads\/2021\/04\/logo-escena-galega-negro.png\",\"meta\":\"C\u00eda Asociada\",\"title\":\"Client 01\"}}]}]}]}]}],\"version\":\"5.0.5\"} --><\/p>\n","protected":false},"excerpt":{"rendered":"<p>Vivir en Ningures Fundada en 1986 Dende a s\u00faa fundaci\u00f3n, Teatro de Ningures vive por e para o teatro, o teatro que quere facer, un teatro de actualidade, ambicioso, comprometido [&hellip;]<\/p>\n","protected":false},"author":1,"featured_media":2517,"parent":0,"menu_order":0,"comment_status":"closed","ping_status":"closed","template":"","meta":{"footnotes":""},"class_list":["post-2431","page","type-page","status-publish","has-post-thumbnail","hentry"],"yoast_head":"<!-- This site is optimized with the Yoast SEO plugin v27.2 - https:\/\/yoast.com\/product\/yoast-seo-wordpress\/ -->\n<title>Quen somos - Teatro de Ningures<\/title>\n<meta name=\"robots\" content=\"index, follow, max-snippet:-1, max-image-preview:large, max-video-preview:-1\" \/>\n<link rel=\"canonical\" href=\"https:\/\/teatrodeningures.gal\/gl\/quen-somos\/\" \/>\n<meta property=\"og:locale\" content=\"gl_ES\" \/>\n<meta property=\"og:type\" content=\"article\" \/>\n<meta property=\"og:title\" content=\"Quen somos - Teatro de Ningures\" \/>\n<meta property=\"og:description\" content=\"Vivir en Ningures Fundada en 1986 Dende a s\u00faa fundaci\u00f3n, Teatro de Ningures vive por e para o teatro, o teatro que quere facer, un teatro de actualidade, ambicioso, comprometido [&hellip;]\" \/>\n<meta property=\"og:url\" content=\"https:\/\/teatrodeningures.gal\/gl\/quen-somos\/\" \/>\n<meta property=\"og:site_name\" content=\"Teatro de Ningures\" \/>\n<meta property=\"article:publisher\" content=\"https:\/\/www.facebook.com\/teatro.de.ningures\" \/>\n<meta property=\"article:modified_time\" content=\"2026-01-21T12:58:22+00:00\" \/>\n<meta property=\"og:image\" content=\"https:\/\/teatrodeningures.gal\/wp-content\/uploads\/2025\/10\/fondo-02032007.jpg\" \/>\n\t<meta property=\"og:image:width\" content=\"1280\" \/>\n\t<meta property=\"og:image:height\" content=\"1024\" \/>\n\t<meta property=\"og:image:type\" content=\"image\/jpeg\" \/>\n<meta name=\"twitter:card\" content=\"summary_large_image\" \/>\n<meta name=\"twitter:label1\" content=\"Tempo de lectura\" \/>\n\t<meta name=\"twitter:data1\" content=\"5 minutos\" \/>\n<script type=\"application\/ld+json\" class=\"yoast-schema-graph\">{\"@context\":\"https:\/\/schema.org\",\"@graph\":[{\"@type\":\"WebPage\",\"@id\":\"https:\/\/teatrodeningures.gal\/gl\/quen-somos\/\",\"url\":\"https:\/\/teatrodeningures.gal\/gl\/quen-somos\/\",\"name\":\"Quen somos - Teatro de Ningures\",\"isPartOf\":{\"@id\":\"https:\/\/teatrodeningures.gal\/gl\/#website\"},\"primaryImageOfPage\":{\"@id\":\"https:\/\/teatrodeningures.gal\/gl\/quen-somos\/#primaryimage\"},\"image\":{\"@id\":\"https:\/\/teatrodeningures.gal\/gl\/quen-somos\/#primaryimage\"},\"thumbnailUrl\":\"https:\/\/teatrodeningures.gal\/wp-content\/uploads\/2025\/10\/fondo-02032007.jpg\",\"datePublished\":\"2025-10-09T20:15:19+00:00\",\"dateModified\":\"2026-01-21T12:58:22+00:00\",\"breadcrumb\":{\"@id\":\"https:\/\/teatrodeningures.gal\/gl\/quen-somos\/#breadcrumb\"},\"inLanguage\":\"gl-ES\",\"potentialAction\":[{\"@type\":\"ReadAction\",\"target\":[\"https:\/\/teatrodeningures.gal\/gl\/quen-somos\/\"]}]},{\"@type\":\"ImageObject\",\"inLanguage\":\"gl-ES\",\"@id\":\"https:\/\/teatrodeningures.gal\/gl\/quen-somos\/#primaryimage\",\"url\":\"https:\/\/teatrodeningures.gal\/wp-content\/uploads\/2025\/10\/fondo-02032007.jpg\",\"contentUrl\":\"https:\/\/teatrodeningures.gal\/wp-content\/uploads\/2025\/10\/fondo-02032007.jpg\",\"width\":1280,\"height\":1024},{\"@type\":\"BreadcrumbList\",\"@id\":\"https:\/\/teatrodeningures.gal\/gl\/quen-somos\/#breadcrumb\",\"itemListElement\":[{\"@type\":\"ListItem\",\"position\":1,\"name\":\"Portada\",\"item\":\"https:\/\/teatrodeningures.gal\/gl\/\"},{\"@type\":\"ListItem\",\"position\":2,\"name\":\"Quen somos\"}]},{\"@type\":\"WebSite\",\"@id\":\"https:\/\/teatrodeningures.gal\/gl\/#website\",\"url\":\"https:\/\/teatrodeningures.gal\/gl\/\",\"name\":\"Teatro de Ningures\",\"description\":\"Teatro de Ningures\",\"publisher\":{\"@id\":\"https:\/\/teatrodeningures.gal\/gl\/#organization\"},\"potentialAction\":[{\"@type\":\"SearchAction\",\"target\":{\"@type\":\"EntryPoint\",\"urlTemplate\":\"https:\/\/teatrodeningures.gal\/gl\/?s={search_term_string}\"},\"query-input\":{\"@type\":\"PropertyValueSpecification\",\"valueRequired\":true,\"valueName\":\"search_term_string\"}}],\"inLanguage\":\"gl-ES\"},{\"@type\":\"Organization\",\"@id\":\"https:\/\/teatrodeningures.gal\/gl\/#organization\",\"name\":\"Teatro de Ningures\",\"url\":\"https:\/\/teatrodeningures.gal\/gl\/\",\"logo\":{\"@type\":\"ImageObject\",\"inLanguage\":\"gl-ES\",\"@id\":\"https:\/\/teatrodeningures.gal\/gl\/#\/schema\/logo\/image\/\",\"url\":\"https:\/\/teatrodeningures.gal\/wp-content\/uploads\/2024\/10\/favicon.svg\",\"contentUrl\":\"https:\/\/teatrodeningures.gal\/wp-content\/uploads\/2024\/10\/favicon.svg\",\"width\":1,\"height\":1,\"caption\":\"Teatro de Ningures\"},\"image\":{\"@id\":\"https:\/\/teatrodeningures.gal\/gl\/#\/schema\/logo\/image\/\"},\"sameAs\":[\"https:\/\/www.facebook.com\/teatro.de.ningures\",\"https:\/\/www.instagram.com\/teatrodeningures\/\"]}]}<\/script>\n<!-- \/ Yoast SEO plugin. -->","yoast_head_json":{"title":"Quen somos - Teatro de Ningures","robots":{"index":"index","follow":"follow","max-snippet":"max-snippet:-1","max-image-preview":"max-image-preview:large","max-video-preview":"max-video-preview:-1"},"canonical":"https:\/\/teatrodeningures.gal\/gl\/quen-somos\/","og_locale":"gl_ES","og_type":"article","og_title":"Quen somos - Teatro de Ningures","og_description":"Vivir en Ningures Fundada en 1986 Dende a s\u00faa fundaci\u00f3n, Teatro de Ningures vive por e para o teatro, o teatro que quere facer, un teatro de actualidade, ambicioso, comprometido [&hellip;]","og_url":"https:\/\/teatrodeningures.gal\/gl\/quen-somos\/","og_site_name":"Teatro de Ningures","article_publisher":"https:\/\/www.facebook.com\/teatro.de.ningures","article_modified_time":"2026-01-21T12:58:22+00:00","og_image":[{"width":1280,"height":1024,"url":"https:\/\/teatrodeningures.gal\/wp-content\/uploads\/2025\/10\/fondo-02032007.jpg","type":"image\/jpeg"}],"twitter_card":"summary_large_image","twitter_misc":{"Tempo de lectura":"5 minutos"},"schema":{"@context":"https:\/\/schema.org","@graph":[{"@type":"WebPage","@id":"https:\/\/teatrodeningures.gal\/gl\/quen-somos\/","url":"https:\/\/teatrodeningures.gal\/gl\/quen-somos\/","name":"Quen somos - Teatro de Ningures","isPartOf":{"@id":"https:\/\/teatrodeningures.gal\/gl\/#website"},"primaryImageOfPage":{"@id":"https:\/\/teatrodeningures.gal\/gl\/quen-somos\/#primaryimage"},"image":{"@id":"https:\/\/teatrodeningures.gal\/gl\/quen-somos\/#primaryimage"},"thumbnailUrl":"https:\/\/teatrodeningures.gal\/wp-content\/uploads\/2025\/10\/fondo-02032007.jpg","datePublished":"2025-10-09T20:15:19+00:00","dateModified":"2026-01-21T12:58:22+00:00","breadcrumb":{"@id":"https:\/\/teatrodeningures.gal\/gl\/quen-somos\/#breadcrumb"},"inLanguage":"gl-ES","potentialAction":[{"@type":"ReadAction","target":["https:\/\/teatrodeningures.gal\/gl\/quen-somos\/"]}]},{"@type":"ImageObject","inLanguage":"gl-ES","@id":"https:\/\/teatrodeningures.gal\/gl\/quen-somos\/#primaryimage","url":"https:\/\/teatrodeningures.gal\/wp-content\/uploads\/2025\/10\/fondo-02032007.jpg","contentUrl":"https:\/\/teatrodeningures.gal\/wp-content\/uploads\/2025\/10\/fondo-02032007.jpg","width":1280,"height":1024},{"@type":"BreadcrumbList","@id":"https:\/\/teatrodeningures.gal\/gl\/quen-somos\/#breadcrumb","itemListElement":[{"@type":"ListItem","position":1,"name":"Portada","item":"https:\/\/teatrodeningures.gal\/gl\/"},{"@type":"ListItem","position":2,"name":"Quen somos"}]},{"@type":"WebSite","@id":"https:\/\/teatrodeningures.gal\/gl\/#website","url":"https:\/\/teatrodeningures.gal\/gl\/","name":"Teatro de Ningures","description":"Teatro de Ningures","publisher":{"@id":"https:\/\/teatrodeningures.gal\/gl\/#organization"},"potentialAction":[{"@type":"SearchAction","target":{"@type":"EntryPoint","urlTemplate":"https:\/\/teatrodeningures.gal\/gl\/?s={search_term_string}"},"query-input":{"@type":"PropertyValueSpecification","valueRequired":true,"valueName":"search_term_string"}}],"inLanguage":"gl-ES"},{"@type":"Organization","@id":"https:\/\/teatrodeningures.gal\/gl\/#organization","name":"Teatro de Ningures","url":"https:\/\/teatrodeningures.gal\/gl\/","logo":{"@type":"ImageObject","inLanguage":"gl-ES","@id":"https:\/\/teatrodeningures.gal\/gl\/#\/schema\/logo\/image\/","url":"https:\/\/teatrodeningures.gal\/wp-content\/uploads\/2024\/10\/favicon.svg","contentUrl":"https:\/\/teatrodeningures.gal\/wp-content\/uploads\/2024\/10\/favicon.svg","width":1,"height":1,"caption":"Teatro de Ningures"},"image":{"@id":"https:\/\/teatrodeningures.gal\/gl\/#\/schema\/logo\/image\/"},"sameAs":["https:\/\/www.facebook.com\/teatro.de.ningures","https:\/\/www.instagram.com\/teatrodeningures\/"]}]}},"_links":{"self":[{"href":"https:\/\/teatrodeningures.gal\/gl\/wp-json\/wp\/v2\/pages\/2431","targetHints":{"allow":["GET"]}}],"collection":[{"href":"https:\/\/teatrodeningures.gal\/gl\/wp-json\/wp\/v2\/pages"}],"about":[{"href":"https:\/\/teatrodeningures.gal\/gl\/wp-json\/wp\/v2\/types\/page"}],"author":[{"embeddable":true,"href":"https:\/\/teatrodeningures.gal\/gl\/wp-json\/wp\/v2\/users\/1"}],"replies":[{"embeddable":true,"href":"https:\/\/teatrodeningures.gal\/gl\/wp-json\/wp\/v2\/comments?post=2431"}],"version-history":[{"count":40,"href":"https:\/\/teatrodeningures.gal\/gl\/wp-json\/wp\/v2\/pages\/2431\/revisions"}],"predecessor-version":[{"id":2748,"href":"https:\/\/teatrodeningures.gal\/gl\/wp-json\/wp\/v2\/pages\/2431\/revisions\/2748"}],"wp:featuredmedia":[{"embeddable":true,"href":"https:\/\/teatrodeningures.gal\/gl\/wp-json\/wp\/v2\/media\/2517"}],"wp:attachment":[{"href":"https:\/\/teatrodeningures.gal\/gl\/wp-json\/wp\/v2\/media?parent=2431"}],"curies":[{"name":"wp","href":"https:\/\/api.w.org\/{rel}","templated":true}]}}